{"id":664,"date":"2016-09-16T10:07:18","date_gmt":"2016-09-16T08:07:18","guid":{"rendered":"https:\/\/www.domotable.com\/contacto\/"},"modified":"2026-01-30T10:34:59","modified_gmt":"2026-01-30T09:34:59","slug":"contacto","status":"publish","type":"page","link":"https:\/\/www.domotable.com\/es\/contacto\/","title":{"rendered":"contacto"},"content":{"rendered":"\n<style type=\"text\/css\" data-created_by=\"avia_inline_auto\" id=\"style-css-av-1ytgw-10bc575662d9f7f4e3c063d19a33b79c\">\n.avia-section.av-1ytgw-10bc575662d9f7f4e3c063d19a33b79c{\nbackground-repeat:no-repeat;\nbackground-image:url(https:\/\/www.domotable.com\/wp-content\/uploads\/2026\/01\/domotable-mockup-16.png);\nbackground-position:50% 100%;\nbackground-attachment:scroll;\n}\n.avia-section.av-1ytgw-10bc575662d9f7f4e3c063d19a33b79c .av-section-color-overlay{\nopacity:0.5;\nbackground-color:#0a0a0a;\n}\n<\/style>\n<div id='av_section_1'  class='avia-section av-1ytgw-10bc575662d9f7f4e3c063d19a33b79c alternate_color avia-section-huge avia-no-border-styling  avia-builder-el-0  el_before_av_one_third  avia-builder-el-first  avia-full-stretch avia-bg-style-scroll av-section-color-overlay-active av-minimum-height av-minimum-height-25 av-height-25  container_wrap fullsize'  data-section-bg-repeat='stretch' data-av_minimum_height_pc='25' data-av_min_height_opt='25'><div class=\"av-section-color-overlay-wrap\"><div class=\"av-section-color-overlay\"><\/div><div class='container av-section-cont-open' ><main  role=\"main\" itemprop=\"mainContentOfPage\"  class='template-page content  av-content-full alpha units'><div class='post-entry post-entry-type-page post-entry-664'><div class='entry-content-wrapper clearfix'>\n\n<style type=\"text\/css\" data-created_by=\"avia_inline_auto\" id=\"style-css-av-1lk2s-e9ead0eef8ab77011c9755d9e97b12eb\">\n#top .hr.hr-invisible.av-1lk2s-e9ead0eef8ab77011c9755d9e97b12eb{\nheight:50px;\n}\n<\/style>\n<div  class='hr av-1lk2s-e9ead0eef8ab77011c9755d9e97b12eb hr-invisible  avia-builder-el-1  el_before_av_one_full  avia-builder-el-first '><span class='hr-inner '><span class=\"hr-inner-style\"><\/span><\/span><\/div>\n<div  class='flex_column av-va60-245974248980376b7e565e226b420d43 av_one_full  avia-builder-el-2  el_after_av_hr  avia-builder-el-last  first flex_column_div  '     ><p>\n<style type=\"text\/css\" data-created_by=\"avia_inline_auto\" id=\"style-css-av-mkdvu8xz-551dbd1bb0cc7554a77b822b607c839a\">\n#top .av-special-heading.av-mkdvu8xz-551dbd1bb0cc7554a77b822b607c839a{\npadding-bottom:10px;\n}\nbody .av-special-heading.av-mkdvu8xz-551dbd1bb0cc7554a77b822b607c839a .av-special-heading-tag .heading-char{\nfont-size:25px;\n}\n.av-special-heading.av-mkdvu8xz-551dbd1bb0cc7554a77b822b607c839a .av-subheading{\nfont-size:15px;\n}\n<\/style>\n<div  class='av-special-heading av-mkdvu8xz-551dbd1bb0cc7554a77b822b607c839a av-special-heading-h1 blockquote modern-quote  avia-builder-el-3  el_before_av_textblock  avia-builder-el-first '><h1 class='av-special-heading-tag '  itemprop=\"headline\"  >Hablemos de tu proyecto<\/h1><div class=\"special-heading-border\"><div class=\"special-heading-inner-border\"><\/div><\/div><\/div><br \/>\n<section  class='av_textblock_section av-mkdvuv9z-bc10acad10c29c689a0f4ed8d5e84468 '   itemscope=\"itemscope\" itemtype=\"https:\/\/schema.org\/CreativeWork\" ><div class='avia_textblock'  itemprop=\"text\" ><blockquote>\n<p>Si est\u00e1s interesado en integrar Domotable en un producto propio, fabricar bajo licencia o simplemente quieres m\u00e1s informaci\u00f3n sobre el sistema, ponte en contacto con nosotros.<\/p>\n<\/blockquote>\n<\/div><\/section><\/p><\/div>\n<\/div><\/div><\/main><!-- close content main element --><\/div><\/div><\/div><div id='after_section_1'  class='main_color av_default_container_wrap container_wrap fullsize'  ><div class='container av-section-cont-open' ><div class='template-page content  av-content-full alpha units'><div class='post-entry post-entry-type-page post-entry-664'><div class='entry-content-wrapper clearfix'>\n\n<style type=\"text\/css\" data-created_by=\"avia_inline_auto\" id=\"style-css-av-2yz0g-d0effa69da05731e2ea0140f08c8db5c\">\n.flex_column.av-2yz0g-d0effa69da05731e2ea0140f08c8db5c{\nborder-radius:0px 0px 0px 0px;\npadding:0px 0px 0px 0px;\n}\n<\/style>\n<div  class='flex_column av-2yz0g-d0effa69da05731e2ea0140f08c8db5c av_one_third  avia-builder-el-5  el_after_av_section  el_before_av_two_third  avia-builder-el-first  first flex_column_div av-zero-column-padding  '     ><p>\n<style type=\"text\/css\" data-created_by=\"avia_inline_auto\" id=\"style-css-av-m10frbvo-b17d7eed0cb6cdf1cc6699ad4e3b539b\">\n#top .av-special-heading.av-m10frbvo-b17d7eed0cb6cdf1cc6699ad4e3b539b{\npadding-bottom:10px;\n}\nbody .av-special-heading.av-m10frbvo-b17d7eed0cb6cdf1cc6699ad4e3b539b .av-special-heading-tag .heading-char{\nfont-size:25px;\n}\n.av-special-heading.av-m10frbvo-b17d7eed0cb6cdf1cc6699ad4e3b539b .av-subheading{\nfont-size:15px;\n}\n<\/style>\n<div  class='av-special-heading av-m10frbvo-b17d7eed0cb6cdf1cc6699ad4e3b539b av-special-heading-h2 blockquote modern-quote  avia-builder-el-6  el_before_av_iconlist  avia-builder-el-first '><h2 class='av-special-heading-tag '  itemprop=\"headline\"  >Cu\u00e9ntanos tu proyecto y te asesoraremos sin compromiso<\/h2><div class=\"special-heading-border\"><div class=\"special-heading-inner-border\"><\/div><\/div><\/div><br \/>\n<div  class='avia-icon-list-container av-27u08-36f51de2634e0836f7cc160b6dacaf6c  avia-builder-el-7  el_after_av_heading  avia-builder-el-last '><ul class='avia-icon-list avia_animate_when_almost_visible avia-icon-list-left av-iconlist-big av-27u08-36f51de2634e0836f7cc160b6dacaf6c avia-iconlist-animate'>\n<li><div class='iconlist_icon av-1mg94-8df0296178d87e5b8f659bf82b10f90e avia-font-svg_entypo-fontello avia-svg-icon avia-font-svg_entypo-fontello'><span class='av-icon-char' data-av_svg_icon='instagram-1' data-av_iconset='svg_entypo-fontello'><svg version=\"1.1\" xmlns=\"http:\/\/www.w3.org\/2000\/svg\" width=\"27\" height=\"32\" viewBox=\"0 0 27 32\" preserveAspectRatio=\"xMidYMid meet\" aria-labelledby='av-svg-title-1' aria-describedby='av-svg-desc-1' role=\"graphics-symbol\" aria-hidden=\"true\">\n<title id='av-svg-title-1'>Instagram-1<\/title>\n<desc id='av-svg-desc-1'>Instagram-1<\/desc>\n<path d=\"M18.272 16q0-1.888-1.312-3.232t-3.232-1.344-3.232 1.344-1.344 3.232 1.344 3.232 3.232 1.344 3.232-1.344 1.312-3.232zM20.736 16q0 2.912-2.048 4.992t-4.96 2.048-4.992-2.048-2.048-4.992 2.048-4.992 4.992-2.048 4.96 2.048 2.048 4.992zM22.688 8.672q0 0.672-0.48 1.152t-1.184 0.48-1.152-0.48-0.48-1.152 0.48-1.152 1.152-0.48 1.184 0.48 0.48 1.152zM13.728 4.736q-0.128 0-1.376 0t-1.888 0-1.728 0.064-1.824 0.16-1.28 0.352q-0.896 0.352-1.568 1.024t-1.056 1.568q-0.192 0.512-0.32 1.28t-0.192 1.856-0.032 1.696 0 1.888 0 1.376 0 1.376 0 1.888 0.032 1.696 0.192 1.856 0.32 1.28q0.384 0.896 1.056 1.568t1.568 1.024q0.512 0.192 1.28 0.352t1.824 0.16 1.728 0.064 1.888 0 1.376 0 1.344 0 1.888 0 1.728-0.064 1.856-0.16 1.248-0.352q0.896-0.352 1.6-1.024t1.024-1.568q0.192-0.512 0.32-1.28t0.192-1.856 0.032-1.696 0-1.888 0-1.376 0-1.376 0-1.888-0.032-1.696-0.192-1.856-0.32-1.28q-0.352-0.896-1.024-1.568t-1.6-1.024q-0.512-0.192-1.248-0.352t-1.856-0.16-1.728-0.064-1.888 0-1.344 0zM27.424 16q0 4.096-0.096 5.664-0.16 3.712-2.208 5.76t-5.728 2.208q-1.6 0.096-5.664 0.096t-5.664-0.096q-3.712-0.192-5.76-2.208t-2.208-5.76q-0.096-1.568-0.096-5.664t0.096-5.664q0.16-3.712 2.208-5.76t5.76-2.208q1.568-0.096 5.664-0.096t5.664 0.096q3.712 0.192 5.728 2.208t2.208 5.76q0.096 1.568 0.096 5.664z\"><\/path>\n<\/svg><\/span><\/div><article class=\"article-icon-entry \"  itemscope=\"itemscope\" itemtype=\"https:\/\/schema.org\/CreativeWork\" ><div class=\"iconlist_content_wrap\"><header class=\"entry-content-header\" aria-label=\"Icon: \"><\/header><div class='iconlist_content '  itemprop=\"text\" ><p><a href=\"https:\/\/www.instagram.com\/domo.table\" target=\"_blank\" rel=\"noopener\">@domo.table<\/a><\/p>\n<\/div><\/div><footer class=\"entry-footer\"><\/footer><\/article><div class=\"iconlist-timeline\"><\/div><\/li>\n<li><div class='iconlist_icon av-3ua4-7e7f1763fe4d18ea287fb131770c3f02 avia-font-flaticon_design avia-iconfont avia-font-flaticon_design'><span class='av-icon-char' data-av_icon='\uf13f' data-av_iconfont='flaticon_design' aria-hidden=\"true\"><\/span><\/div><article class=\"article-icon-entry \"  itemscope=\"itemscope\" itemtype=\"https:\/\/schema.org\/CreativeWork\" ><div class=\"iconlist_content_wrap\"><header class=\"entry-content-header\" aria-label=\"Icon: \"><\/header><div class='iconlist_content '  itemprop=\"text\" ><p><a href=\"mailto:info@domotable.com\">info@domotable.com<\/a><\/p>\n<\/div><\/div><footer class=\"entry-footer\"><\/footer><\/article><div class=\"iconlist-timeline\"><\/div><\/li>\n<\/ul><\/div><\/p><\/div>\n\n<style type=\"text\/css\" data-created_by=\"avia_inline_auto\" id=\"style-css-av-2jmjk-8808321d23a8fa0cd05622d105a491b5\">\n.flex_column.av-2jmjk-8808321d23a8fa0cd05622d105a491b5{\nborder-radius:0px 0px 0px 0px;\npadding:0px 0px 0px 0px;\n}\n<\/style>\n<div  class='flex_column av-2jmjk-8808321d23a8fa0cd05622d105a491b5 av_two_third  avia-builder-el-8  el_after_av_one_third  el_before_av_section  avia-builder-el-last  flex_column_div av-zero-column-padding  '     ><form action=\"https:\/\/www.domotable.com\/es\/contacto\/\" method=\"post\" data-fields-with-error=\"Found errors in the following field(s):\" class=\"avia_ajax_form av-form-labels-hidden   avia-builder-el-9  avia-builder-el-no-sibling   \" data-avia-form-id=\"1\" data-avia-redirect=''  aria-label='Formulari de contacte' ><fieldset><p class='  first_form  form_element form_fullwidth' id='element_avia_1_1'><label for=\"avia_1_1\">Nombre <abbr class=\"required\" title=\"requerido\">*<\/abbr><\/label> <input name=\"avia_1_1\" class=\"text_input is_empty\" type=\"text\" id=\"avia_1_1\" value=\"\"  placeholder='Nombre*'\/><\/p><p class='  first_form  form_element form_fullwidth' id='element_avia_2_1'><label for=\"avia_2_1\">Correo electr\u00f3nico <abbr class=\"required\" title=\"requerido\">*<\/abbr><\/label> <input name=\"avia_2_1\" class=\"text_input is_email\" type=\"text\" id=\"avia_2_1\" value=\"\"  placeholder='Correo electr\u00f3nico*'\/><\/p><p class='  first_form  form_element form_fullwidth' id='element_avia_3_1'><label for=\"avia_3_1\">Tel\u00e9fono<\/label> <input name=\"avia_3_1\" class=\"text_input \" type=\"text\" id=\"avia_3_1\" value=\"\"  placeholder='Tel\u00e9fono'\/><\/p><p class='  first_form  form_element form_fullwidth' id='element_avia_4_1'><label for=\"avia_4_1\" class=\"textare_label hidden textare_label_avia_4_1\">Mensaje <abbr class=\"required\" title=\"requerido\">*<\/abbr><\/label><textarea  placeholder='Mensaje*' name=\"avia_4_1\" class=\"text_area is_empty\" cols=\"40\" rows=\"7\" id=\"avia_4_1\" ><\/textarea><\/p><p class=\"hidden\"><input type=\"text\" name=\"avia_5_1\" class=\"hidden \" id=\"avia_5_1\" value=\"\" \/><\/p><div id='avia_6_1' class='av-recaptcha-area  first_form  form_element form_fullwidth av-last-visible-form-element '  data-container_class=\"\" data-custom_class=\"\" data-context=\"av_contact_form\" data-token_input=\"av_recaptcha_token\" data-version=\"avia_recaptcha_v3\" data-theme=\"light\" data-size=\"normal\" data-score=\"0.5\" data-text_to_preview=\"\" data-value=\"\"><div class=\"av-google-badge-message hidden\">Este sitio est\u00e1 protegido por reCAPTCHA y se aplican la <a href=\"https:\/\/policies.google.com\/privacy\" target=\"_blank\">Pol\u00edtica de privacidad<\/a> y las <a href=\"https:\/\/policies.google.com\/terms\" target=\"_blank\">Condiciones de servicio <\/a> de Google.<\/div><\/div><p class=' av_form_privacy_check av_contact_privacy_check first_form  form_element form_fullwidth' id='element_avia_7_1'><input  name=\"avia_7_1\" class=\"input_checkbox is_empty\" type=\"checkbox\" id=\"avia_7_1\" value=\"true\"\/><label class=\"input_checkbox_label\" for=\"avia_7_1\">Acepto los t\u00e9rminos y condiciones establecidos en la <a href='https:\/\/www.domotable.com\/politica-de-privacitat\/' target='_blank'> Pol\u00edtica de privacidad<\/a> <abbr class=\"required\" title=\"requerido\">*<\/abbr><\/label><\/p><p class=\"form_element \"><input type=\"hidden\" value=\"1\" name=\"avia_generated_form1\" \/><input type=\"submit\" value=\"Enviar\" class=\"button\"  data-sending-label=\"Enviando\"\/><\/p><\/fieldset><div class=\"avia-disabled-form\">This contact form is deactivated because you refused to accept Google reCaptcha service which is necessary to validate any messages sent by the form.<\/div><\/form><div id=\"ajaxresponse_1\" class=\"ajaxresponse ajaxresponse_1 hidden\"><\/div><\/div><\/div><\/div><\/div><!-- close content main div --><\/div><\/div>\n<style type=\"text\/css\" data-created_by=\"avia_inline_auto\" id=\"style-css-av-2vr1g-7c43f2466312a869a38c0e8b4652a2ba\">\n.avia-section.av-2vr1g-7c43f2466312a869a38c0e8b4652a2ba .av-parallax .av-parallax-inner{\nbackground-repeat:no-repeat;\nbackground-image:url(https:\/\/www.domotable.com\/wp-content\/uploads\/2026\/01\/mockup-domotable-01.png);\nbackground-position:50% 50%;\nbackground-attachment:scroll;\n}\n.avia-section.av-2vr1g-7c43f2466312a869a38c0e8b4652a2ba .av-section-color-overlay{\nopacity:0.5;\nbackground-color:#0a0a0a;\n}\n<\/style>\n<div id='av_section_2'  class='avia-section av-2vr1g-7c43f2466312a869a38c0e8b4652a2ba alternate_color avia-section-default avia-no-border-styling  avia-builder-el-10  el_after_av_two_third  avia-builder-el-last  av-parallax-section avia-bg-style-parallax av-section-color-overlay-active av-minimum-height av-minimum-height-75 av-height-75  container_wrap fullsize'  data-section-bg-repeat='no-repeat' data-av_minimum_height_pc='75' data-av_min_height_opt='75'><div class='av-parallax' data-avia-parallax-ratio='0.3' ><div class='av-parallax-inner alternate_color avia-full-stretch'><\/div><\/div><div class=\"av-section-color-overlay-wrap\"><div class=\"av-section-color-overlay\"><\/div><div class='container av-section-cont-open' ><div class='template-page content  av-content-full alpha units'><div class='post-entry post-entry-type-page post-entry-664'><div class='entry-content-wrapper clearfix'>\n\n<style type=\"text\/css\" data-created_by=\"avia_inline_auto\" id=\"style-css-av-mkdwamn7-baaadac648c0007bf307569bef44d824\">\n.avia_transform .flex_column.av-mkdwamn7-baaadac648c0007bf307569bef44d824{\nanimation-duration:2s;\n}\n<\/style>\n<div  class='flex_column av-mkdwamn7-baaadac648c0007bf307569bef44d824 av_one_fifth  avia-builder-el-11  el_before_av_three_fifth  avia-builder-el-first  first no_margin flex_column_div av-animated-generic bottom-to-top  '     ><\/div>\n<style type=\"text\/css\" data-created_by=\"avia_inline_auto\" id=\"style-css-av-29fss-6c36bb71102623afd7a585d24b9cfb6d\">\n.avia_transform .flex_column.av-29fss-6c36bb71102623afd7a585d24b9cfb6d{\nanimation-duration:2s;\n}\n<\/style>\n<div  class='flex_column av-29fss-6c36bb71102623afd7a585d24b9cfb6d av_three_fifth  avia-builder-el-12  el_after_av_one_fifth  el_before_av_one_fifth  no_margin flex_column_div av-animated-generic bottom-to-top  '     ><p>\n<style type=\"text\/css\" data-created_by=\"avia_inline_auto\" id=\"style-css-av-1olss-205b7e5f2e8536db287762fd0ddcfd58\">\n#top .av-special-heading.av-1olss-205b7e5f2e8536db287762fd0ddcfd58{\npadding-bottom:10px;\n}\nbody .av-special-heading.av-1olss-205b7e5f2e8536db287762fd0ddcfd58 .av-special-heading-tag .heading-char{\nfont-size:25px;\n}\n.av-special-heading.av-1olss-205b7e5f2e8536db287762fd0ddcfd58 .av-subheading{\nfont-size:15px;\n}\n<\/style>\n<div  class='av-special-heading av-1olss-205b7e5f2e8536db287762fd0ddcfd58 av-special-heading-h2 blockquote modern-quote modern-centered  avia-builder-el-13  el_before_av_textblock  avia-builder-el-first '><h2 class='av-special-heading-tag '  itemprop=\"headline\"  >Hagamos posible tu proyecto<\/h2><div class=\"special-heading-border\"><div class=\"special-heading-inner-border\"><\/div><\/div><\/div><br \/>\n<section  class='av_textblock_section av-16mt4-1204a46f1fa6d229ba7f45ae408ca8df '   itemscope=\"itemscope\" itemtype=\"https:\/\/schema.org\/CreativeWork\" ><div class='avia_textblock'  itemprop=\"text\" ><blockquote>\n<p style=\"text-align: center;\">Domotable es un sistema dom\u00f3tico patentado para integrar mesas plegables autom\u00e1ticas en proyectos de mobiliario profesional. Cu\u00e9ntanos qu\u00e9 tienes en mente y hablemos.<\/p>\n<\/blockquote>\n<\/div><\/section><\/p><\/div>\n<style type=\"text\/css\" data-created_by=\"avia_inline_auto\" id=\"style-css-av-27ka8-7e2c3fb90a7e352062db9bec9ca6fd02\">\n.avia_transform .flex_column.av-27ka8-7e2c3fb90a7e352062db9bec9ca6fd02{\nanimation-duration:2s;\n}\n<\/style>\n<div  class='flex_column av-27ka8-7e2c3fb90a7e352062db9bec9ca6fd02 av_one_fifth  avia-builder-el-15  el_after_av_three_fifth  avia-builder-el-last  no_margin flex_column_div av-animated-generic bottom-to-top  '     ><\/div>\n<\/p>\n","protected":false},"excerpt":{"rendered":"","protected":false},"author":3,"featured_media":0,"parent":0,"menu_order":0,"comment_status":"closed","ping_status":"closed","template":"","meta":{"footnotes":""},"class_list":["post-664","page","type-page","status-publish","hentry"],"yoast_head":"<!-- This site is optimized with the Yoast SEO plugin v27.3 - https:\/\/yoast.com\/product\/yoast-seo-wordpress\/ -->\n<title>contacto - Domotable<\/title>\n<meta name=\"robots\" content=\"index, follow, max-snippet:-1, max-image-preview:large, max-video-preview:-1\" \/>\n<link rel=\"canonical\" href=\"https:\/\/www.domotable.com\/es\/contacto\/\" \/>\n<meta property=\"og:locale\" content=\"es_ES\" \/>\n<meta property=\"og:type\" content=\"article\" \/>\n<meta property=\"og:title\" content=\"contacto - Domotable\" \/>\n<meta property=\"og:url\" content=\"https:\/\/www.domotable.com\/es\/contacto\/\" \/>\n<meta property=\"og:site_name\" content=\"Domotable\" \/>\n<meta property=\"article:modified_time\" content=\"2026-01-30T09:34:59+00:00\" \/>\n<meta name=\"twitter:card\" content=\"summary_large_image\" \/>\n<meta name=\"twitter:label1\" content=\"Tiempo de lectura\" \/>\n\t<meta name=\"twitter:data1\" content=\"1 minuto\" \/>\n<script type=\"application\/ld+json\" class=\"yoast-schema-graph\">{\"@context\":\"https:\\\/\\\/schema.org\",\"@graph\":[{\"@type\":\"WebPage\",\"@id\":\"https:\\\/\\\/www.domotable.com\\\/es\\\/contacto\\\/\",\"url\":\"https:\\\/\\\/www.domotable.com\\\/es\\\/contacto\\\/\",\"name\":\"contacto - Domotable\",\"isPartOf\":{\"@id\":\"https:\\\/\\\/www.domotable.com\\\/es\\\/#website\"},\"datePublished\":\"2016-09-16T08:07:18+00:00\",\"dateModified\":\"2026-01-30T09:34:59+00:00\",\"breadcrumb\":{\"@id\":\"https:\\\/\\\/www.domotable.com\\\/es\\\/contacto\\\/#breadcrumb\"},\"inLanguage\":\"es\",\"potentialAction\":[{\"@type\":\"ReadAction\",\"target\":[\"https:\\\/\\\/www.domotable.com\\\/es\\\/contacto\\\/\"]}]},{\"@type\":\"BreadcrumbList\",\"@id\":\"https:\\\/\\\/www.domotable.com\\\/es\\\/contacto\\\/#breadcrumb\",\"itemListElement\":[{\"@type\":\"ListItem\",\"position\":1,\"name\":\"Inici\",\"item\":\"https:\\\/\\\/www.domotable.com\\\/es\\\/domotable\\\/\"},{\"@type\":\"ListItem\",\"position\":2,\"name\":\"contacto\"}]},{\"@type\":\"WebSite\",\"@id\":\"https:\\\/\\\/www.domotable.com\\\/es\\\/#website\",\"url\":\"https:\\\/\\\/www.domotable.com\\\/es\\\/\",\"name\":\"Domotable\",\"description\":\"\",\"potentialAction\":[{\"@type\":\"SearchAction\",\"target\":{\"@type\":\"EntryPoint\",\"urlTemplate\":\"https:\\\/\\\/www.domotable.com\\\/es\\\/?s={search_term_string}\"},\"query-input\":{\"@type\":\"PropertyValueSpecification\",\"valueRequired\":true,\"valueName\":\"search_term_string\"}}],\"inLanguage\":\"es\"}]}<\/script>\n<!-- \/ Yoast SEO plugin. -->","yoast_head_json":{"title":"contacto - Domotable","robots":{"index":"index","follow":"follow","max-snippet":"max-snippet:-1","max-image-preview":"max-image-preview:large","max-video-preview":"max-video-preview:-1"},"canonical":"https:\/\/www.domotable.com\/es\/contacto\/","og_locale":"es_ES","og_type":"article","og_title":"contacto - Domotable","og_url":"https:\/\/www.domotable.com\/es\/contacto\/","og_site_name":"Domotable","article_modified_time":"2026-01-30T09:34:59+00:00","twitter_card":"summary_large_image","twitter_misc":{"Tiempo de lectura":"1 minuto"},"schema":{"@context":"https:\/\/schema.org","@graph":[{"@type":"WebPage","@id":"https:\/\/www.domotable.com\/es\/contacto\/","url":"https:\/\/www.domotable.com\/es\/contacto\/","name":"contacto - Domotable","isPartOf":{"@id":"https:\/\/www.domotable.com\/es\/#website"},"datePublished":"2016-09-16T08:07:18+00:00","dateModified":"2026-01-30T09:34:59+00:00","breadcrumb":{"@id":"https:\/\/www.domotable.com\/es\/contacto\/#breadcrumb"},"inLanguage":"es","potentialAction":[{"@type":"ReadAction","target":["https:\/\/www.domotable.com\/es\/contacto\/"]}]},{"@type":"BreadcrumbList","@id":"https:\/\/www.domotable.com\/es\/contacto\/#breadcrumb","itemListElement":[{"@type":"ListItem","position":1,"name":"Inici","item":"https:\/\/www.domotable.com\/es\/domotable\/"},{"@type":"ListItem","position":2,"name":"contacto"}]},{"@type":"WebSite","@id":"https:\/\/www.domotable.com\/es\/#website","url":"https:\/\/www.domotable.com\/es\/","name":"Domotable","description":"","potentialAction":[{"@type":"SearchAction","target":{"@type":"EntryPoint","urlTemplate":"https:\/\/www.domotable.com\/es\/?s={search_term_string}"},"query-input":{"@type":"PropertyValueSpecification","valueRequired":true,"valueName":"search_term_string"}}],"inLanguage":"es"}]}},"_links":{"self":[{"href":"https:\/\/www.domotable.com\/es\/wp-json\/wp\/v2\/pages\/664","targetHints":{"allow":["GET"]}}],"collection":[{"href":"https:\/\/www.domotable.com\/es\/wp-json\/wp\/v2\/pages"}],"about":[{"href":"https:\/\/www.domotable.com\/es\/wp-json\/wp\/v2\/types\/page"}],"author":[{"embeddable":true,"href":"https:\/\/www.domotable.com\/es\/wp-json\/wp\/v2\/users\/3"}],"replies":[{"embeddable":true,"href":"https:\/\/www.domotable.com\/es\/wp-json\/wp\/v2\/comments?post=664"}],"version-history":[{"count":4,"href":"https:\/\/www.domotable.com\/es\/wp-json\/wp\/v2\/pages\/664\/revisions"}],"predecessor-version":[{"id":785,"href":"https:\/\/www.domotable.com\/es\/wp-json\/wp\/v2\/pages\/664\/revisions\/785"}],"wp:attachment":[{"href":"https:\/\/www.domotable.com\/es\/wp-json\/wp\/v2\/media?parent=664"}],"curies":[{"name":"wp","href":"https:\/\/api.w.org\/{rel}","templated":true}]}}